{"id":1051,"date":"2024-06-22T21:31:25","date_gmt":"2024-06-22T21:31:25","guid":{"rendered":"https:\/\/blackholediscos.com\/?post_type=product&#038;p=1051"},"modified":"2024-06-26T19:19:47","modified_gmt":"2024-06-26T19:19:47","slug":"os-tapes-canto-da-gente","status":"publish","type":"product","link":"https:\/\/blackholediscos.com\/en\/product\/os-tapes-canto-da-gente\/","title":{"rendered":"Os tap\u00e9s- canto da gente"},"content":{"rendered":"<p>Lp Original de \u00e9poca em perfeitas condi\u00e7\u00f5es de capa e m\u00eddia. <\/p>\n<p>Selo:<br \/>\nDiscos Marcus Pereira \u200e\u2013 MPL 1029<\/p>\n<p>Lista de faixas<\/p>\n<p>A1\tDan\u00e7a Da Lagoa Do Sol<br \/>\nWritten-By \u2013 J. Waldir S. Garcia*<\/p>\n<p>A2\tCarreta<br \/>\nWritten-By \u2013 Acy T. Vieira*, Jorge L. Ferreira*<\/p>\n<p>A3\tJana\u00edta<br \/>\nWritten-By \u2013 Claudio B. Garcia*, J. Waldir S. Garcia*<\/p>\n<p>A4\tVersos Perplexos<br \/>\nWritten-By \u2013 Claudio B. Garcia*, Jorge L. Ferreira*<\/p>\n<p>A5\tChera\u00e7ar Y Apacuy<br \/>\nWritten-By \u2013 Claudio B. Garcia*<\/p>\n<p>B1\tGauch\u00ea<br \/>\nWritten-By \u2013 Claudio B. Garcia*, Rafael Koler*<\/p>\n<p>B2\tHomens De Preto<br \/>\nWritten-By \u2013 Paulo Ruschel<\/p>\n<p>B3\tPedro Guar\u00e1<br \/>\nWritten-By \u2013 Claudio B. Garcia*, J. Cl\u00e1udio L. Machado*<\/p>\n<p>B4\tBarqueiro<br \/>\nWritten-By \u2013 Claudio B. Garcia*<\/p>\n<p>B5\tCanto Da Gente<br \/>\nWritten-By \u2013 J. Waldir S. Garcia*, \u00c1lvaro B. Cardoso*<\/p>\n<p>B6\tContinente Americano<br \/>\nWritten-By \u2013 Claudio B. Garcia*<\/p>","protected":false},"excerpt":{"rendered":"<p>Lp Original de \u00e9poca em perfeitas condi\u00e7\u00f5es de capa e m\u00eddia. Selo: Discos Marcus Pereira \u200e\u2013 MPL 1029 Lista de faixas A1 Dan\u00e7a Da Lagoa Do Sol Written-By \u2013 J. Waldir S. Garcia* A2 Carreta Written-By \u2013 Acy T. Vieira*, Jorge L. Ferreira* A3 Jana\u00edta Written-By \u2013 Claudio B. Garcia*, J. Waldir S. Garcia* A4 [&hellip;]<\/p>\n","protected":false},"featured_media":1053,"comment_status":"open","ping_status":"closed","template":"","meta":{"_acf_changed":false},"product_brand":[],"product_cat":[31,39],"product_tag":[],"artista":[292],"produtora":[293],"ano":[63],"class_list":{"0":"post-1051","1":"product","2":"type-product","3":"status-publish","4":"has-post-thumbnail","6":"product_cat-mais-populares","7":"product_cat-mpb","8":"artista-os-tapes","9":"produtora-marcus-pereira","10":"ano-63","12":"first","13":"instock","14":"shipping-taxable","15":"purchasable","16":"product-type-simple"},"acf":[],"yoast_head":"<!-- This site is optimized with the Yoast SEO plugin v27.3 - https:\/\/yoast.com\/product\/yoast-seo-wordpress\/ -->\n<title>Os tap\u00e9s- canto da gente - Black Hole Discos<\/title>\n<meta name=\"robots\" content=\"index, follow, max-snippet:-1, max-image-preview:large, max-video-preview:-1\" \/>\n<link rel=\"canonical\" href=\"https:\/\/blackholediscos.com\/en\/product\/os-tapes-canto-da-gente\/\" \/>\n<meta property=\"og:locale\" content=\"en_US\" \/>\n<meta property=\"og:type\" content=\"article\" \/>\n<meta property=\"og:title\" content=\"Os tap\u00e9s- canto da gente - Black Hole Discos\" \/>\n<meta property=\"og:description\" content=\"Lp Original de \u00e9poca em perfeitas condi\u00e7\u00f5es de capa e m\u00eddia. Selo: Discos Marcus Pereira \u200e\u2013 MPL 1029 Lista de faixas A1 Dan\u00e7a Da Lagoa Do Sol Written-By \u2013 J. Waldir S. Garcia* A2 Carreta Written-By \u2013 Acy T. Vieira*, Jorge L. Ferreira* A3 Jana\u00edta Written-By \u2013 Claudio B. Garcia*, J. Waldir S. Garcia* A4 [&hellip;]\" \/>\n<meta property=\"og:url\" content=\"https:\/\/blackholediscos.com\/en\/product\/os-tapes-canto-da-gente\/\" \/>\n<meta property=\"og:site_name\" content=\"Black Hole Discos\" \/>\n<meta property=\"article:publisher\" content=\"https:\/\/www.instagram.com\/blackholediscos\/\" \/>\n<meta property=\"article:modified_time\" content=\"2024-06-26T19:19:47+00:00\" \/>\n<meta property=\"og:image\" content=\"https:\/\/blackholediscos.com\/wp-content\/uploads\/2024\/06\/IMG_7392-scaled.jpeg\" \/>\n\t<meta property=\"og:image:width\" content=\"2560\" \/>\n\t<meta property=\"og:image:height\" content=\"2560\" \/>\n\t<meta property=\"og:image:type\" content=\"image\/jpeg\" \/>\n<meta name=\"twitter:card\" content=\"summary_large_image\" \/>\n<meta name=\"twitter:label1\" content=\"Est. reading time\" \/>\n\t<meta name=\"twitter:data1\" content=\"1 minute\" \/>\n<script type=\"application\/ld+json\" class=\"yoast-schema-graph\">{\"@context\":\"https:\\\/\\\/schema.org\",\"@graph\":[{\"@type\":\"WebPage\",\"@id\":\"https:\\\/\\\/blackholediscos.com\\\/product\\\/os-tapes-canto-da-gente\\\/\",\"url\":\"https:\\\/\\\/blackholediscos.com\\\/product\\\/os-tapes-canto-da-gente\\\/\",\"name\":\"Os tap\u00e9s- canto da gente - Black Hole Discos\",\"isPartOf\":{\"@id\":\"https:\\\/\\\/blackholediscos.com\\\/#website\"},\"primaryImageOfPage\":{\"@id\":\"https:\\\/\\\/blackholediscos.com\\\/product\\\/os-tapes-canto-da-gente\\\/#primaryimage\"},\"image\":{\"@id\":\"https:\\\/\\\/blackholediscos.com\\\/product\\\/os-tapes-canto-da-gente\\\/#primaryimage\"},\"thumbnailUrl\":\"https:\\\/\\\/blackholediscos.com\\\/wp-content\\\/uploads\\\/2024\\\/06\\\/IMG_7392-scaled.jpeg\",\"datePublished\":\"2024-06-22T21:31:25+00:00\",\"dateModified\":\"2024-06-26T19:19:47+00:00\",\"breadcrumb\":{\"@id\":\"https:\\\/\\\/blackholediscos.com\\\/product\\\/os-tapes-canto-da-gente\\\/#breadcrumb\"},\"inLanguage\":\"en-US\",\"potentialAction\":[{\"@type\":\"ReadAction\",\"target\":[\"https:\\\/\\\/blackholediscos.com\\\/product\\\/os-tapes-canto-da-gente\\\/\"]}]},{\"@type\":\"ImageObject\",\"inLanguage\":\"en-US\",\"@id\":\"https:\\\/\\\/blackholediscos.com\\\/product\\\/os-tapes-canto-da-gente\\\/#primaryimage\",\"url\":\"https:\\\/\\\/blackholediscos.com\\\/wp-content\\\/uploads\\\/2024\\\/06\\\/IMG_7392-scaled.jpeg\",\"contentUrl\":\"https:\\\/\\\/blackholediscos.com\\\/wp-content\\\/uploads\\\/2024\\\/06\\\/IMG_7392-scaled.jpeg\",\"width\":2560,\"height\":2560},{\"@type\":\"BreadcrumbList\",\"@id\":\"https:\\\/\\\/blackholediscos.com\\\/product\\\/os-tapes-canto-da-gente\\\/#breadcrumb\",\"itemListElement\":[{\"@type\":\"ListItem\",\"position\":1,\"name\":\"In\u00edcio\",\"item\":\"https:\\\/\\\/blackholediscos.com\\\/\"},{\"@type\":\"ListItem\",\"position\":2,\"name\":\"Shop\",\"item\":\"https:\\\/\\\/blackholediscos.com\\\/shop\\\/\"},{\"@type\":\"ListItem\",\"position\":3,\"name\":\"Os tap\u00e9s- canto da gente\"}]},{\"@type\":\"WebSite\",\"@id\":\"https:\\\/\\\/blackholediscos.com\\\/#website\",\"url\":\"https:\\\/\\\/blackholediscos.com\\\/\",\"name\":\"Black Hole Discos\",\"description\":\"Brazilian music LPs\",\"publisher\":{\"@id\":\"https:\\\/\\\/blackholediscos.com\\\/#organization\"},\"potentialAction\":[{\"@type\":\"SearchAction\",\"target\":{\"@type\":\"EntryPoint\",\"urlTemplate\":\"https:\\\/\\\/blackholediscos.com\\\/?s={search_term_string}\"},\"query-input\":{\"@type\":\"PropertyValueSpecification\",\"valueRequired\":true,\"valueName\":\"search_term_string\"}}],\"inLanguage\":\"en-US\"},{\"@type\":\"Organization\",\"@id\":\"https:\\\/\\\/blackholediscos.com\\\/#organization\",\"name\":\"Black Hole Discos\",\"url\":\"https:\\\/\\\/blackholediscos.com\\\/\",\"logo\":{\"@type\":\"ImageObject\",\"inLanguage\":\"en-US\",\"@id\":\"https:\\\/\\\/blackholediscos.com\\\/#\\\/schema\\\/logo\\\/image\\\/\",\"url\":\"https:\\\/\\\/blackholediscos.com\\\/wp-content\\\/uploads\\\/2024\\\/06\\\/black-hole-discos-vinis-logo.png\",\"contentUrl\":\"https:\\\/\\\/blackholediscos.com\\\/wp-content\\\/uploads\\\/2024\\\/06\\\/black-hole-discos-vinis-logo.png\",\"width\":70,\"height\":66,\"caption\":\"Black Hole Discos\"},\"image\":{\"@id\":\"https:\\\/\\\/blackholediscos.com\\\/#\\\/schema\\\/logo\\\/image\\\/\"},\"sameAs\":[\"https:\\\/\\\/www.instagram.com\\\/blackholediscos\\\/\"]}]}<\/script>\n<!-- \/ Yoast SEO plugin. -->","yoast_head_json":{"title":"Os tap\u00e9s- canto da gente - Black Hole Discos","robots":{"index":"index","follow":"follow","max-snippet":"max-snippet:-1","max-image-preview":"max-image-preview:large","max-video-preview":"max-video-preview:-1"},"canonical":"https:\/\/blackholediscos.com\/en\/product\/os-tapes-canto-da-gente\/","og_locale":"en_US","og_type":"article","og_title":"Os tap\u00e9s- canto da gente - Black Hole Discos","og_description":"Lp Original de \u00e9poca em perfeitas condi\u00e7\u00f5es de capa e m\u00eddia. Selo: Discos Marcus Pereira \u200e\u2013 MPL 1029 Lista de faixas A1 Dan\u00e7a Da Lagoa Do Sol Written-By \u2013 J. Waldir S. Garcia* A2 Carreta Written-By \u2013 Acy T. Vieira*, Jorge L. Ferreira* A3 Jana\u00edta Written-By \u2013 Claudio B. Garcia*, J. Waldir S. Garcia* A4 [&hellip;]","og_url":"https:\/\/blackholediscos.com\/en\/product\/os-tapes-canto-da-gente\/","og_site_name":"Black Hole Discos","article_publisher":"https:\/\/www.instagram.com\/blackholediscos\/","article_modified_time":"2024-06-26T19:19:47+00:00","og_image":[{"width":2560,"height":2560,"url":"https:\/\/blackholediscos.com\/wp-content\/uploads\/2024\/06\/IMG_7392-scaled.jpeg","type":"image\/jpeg"}],"twitter_card":"summary_large_image","twitter_misc":{"Est. reading time":"1 minute"},"schema":{"@context":"https:\/\/schema.org","@graph":[{"@type":"WebPage","@id":"https:\/\/blackholediscos.com\/product\/os-tapes-canto-da-gente\/","url":"https:\/\/blackholediscos.com\/product\/os-tapes-canto-da-gente\/","name":"Os tap\u00e9s- canto da gente - Black Hole Discos","isPartOf":{"@id":"https:\/\/blackholediscos.com\/#website"},"primaryImageOfPage":{"@id":"https:\/\/blackholediscos.com\/product\/os-tapes-canto-da-gente\/#primaryimage"},"image":{"@id":"https:\/\/blackholediscos.com\/product\/os-tapes-canto-da-gente\/#primaryimage"},"thumbnailUrl":"https:\/\/blackholediscos.com\/wp-content\/uploads\/2024\/06\/IMG_7392-scaled.jpeg","datePublished":"2024-06-22T21:31:25+00:00","dateModified":"2024-06-26T19:19:47+00:00","breadcrumb":{"@id":"https:\/\/blackholediscos.com\/product\/os-tapes-canto-da-gente\/#breadcrumb"},"inLanguage":"en-US","potentialAction":[{"@type":"ReadAction","target":["https:\/\/blackholediscos.com\/product\/os-tapes-canto-da-gente\/"]}]},{"@type":"ImageObject","inLanguage":"en-US","@id":"https:\/\/blackholediscos.com\/product\/os-tapes-canto-da-gente\/#primaryimage","url":"https:\/\/blackholediscos.com\/wp-content\/uploads\/2024\/06\/IMG_7392-scaled.jpeg","contentUrl":"https:\/\/blackholediscos.com\/wp-content\/uploads\/2024\/06\/IMG_7392-scaled.jpeg","width":2560,"height":2560},{"@type":"BreadcrumbList","@id":"https:\/\/blackholediscos.com\/product\/os-tapes-canto-da-gente\/#breadcrumb","itemListElement":[{"@type":"ListItem","position":1,"name":"In\u00edcio","item":"https:\/\/blackholediscos.com\/"},{"@type":"ListItem","position":2,"name":"Shop","item":"https:\/\/blackholediscos.com\/shop\/"},{"@type":"ListItem","position":3,"name":"Os tap\u00e9s- canto da gente"}]},{"@type":"WebSite","@id":"https:\/\/blackholediscos.com\/#website","url":"https:\/\/blackholediscos.com\/","name":"Black Hole Discos","description":"Brazilian music LPs","publisher":{"@id":"https:\/\/blackholediscos.com\/#organization"},"potentialAction":[{"@type":"SearchAction","target":{"@type":"EntryPoint","urlTemplate":"https:\/\/blackholediscos.com\/?s={search_term_string}"},"query-input":{"@type":"PropertyValueSpecification","valueRequired":true,"valueName":"search_term_string"}}],"inLanguage":"en-US"},{"@type":"Organization","@id":"https:\/\/blackholediscos.com\/#organization","name":"Black Hole Discos","url":"https:\/\/blackholediscos.com\/","logo":{"@type":"ImageObject","inLanguage":"en-US","@id":"https:\/\/blackholediscos.com\/#\/schema\/logo\/image\/","url":"https:\/\/blackholediscos.com\/wp-content\/uploads\/2024\/06\/black-hole-discos-vinis-logo.png","contentUrl":"https:\/\/blackholediscos.com\/wp-content\/uploads\/2024\/06\/black-hole-discos-vinis-logo.png","width":70,"height":66,"caption":"Black Hole Discos"},"image":{"@id":"https:\/\/blackholediscos.com\/#\/schema\/logo\/image\/"},"sameAs":["https:\/\/www.instagram.com\/blackholediscos\/"]}]}},"_links":{"self":[{"href":"https:\/\/blackholediscos.com\/en\/wp-json\/wp\/v2\/product\/1051","targetHints":{"allow":["GET"]}}],"collection":[{"href":"https:\/\/blackholediscos.com\/en\/wp-json\/wp\/v2\/product"}],"about":[{"href":"https:\/\/blackholediscos.com\/en\/wp-json\/wp\/v2\/types\/product"}],"replies":[{"embeddable":true,"href":"https:\/\/blackholediscos.com\/en\/wp-json\/wp\/v2\/comments?post=1051"}],"wp:featuredmedia":[{"embeddable":true,"href":"https:\/\/blackholediscos.com\/en\/wp-json\/wp\/v2\/media\/1053"}],"wp:attachment":[{"href":"https:\/\/blackholediscos.com\/en\/wp-json\/wp\/v2\/media?parent=1051"}],"wp:term":[{"taxonomy":"product_brand","embeddable":true,"href":"https:\/\/blackholediscos.com\/en\/wp-json\/wp\/v2\/product_brand?post=1051"},{"taxonomy":"product_cat","embeddable":true,"href":"https:\/\/blackholediscos.com\/en\/wp-json\/wp\/v2\/product_cat?post=1051"},{"taxonomy":"product_tag","embeddable":true,"href":"https:\/\/blackholediscos.com\/en\/wp-json\/wp\/v2\/product_tag?post=1051"},{"taxonomy":"artista","embeddable":true,"href":"https:\/\/blackholediscos.com\/en\/wp-json\/wp\/v2\/artista?post=1051"},{"taxonomy":"produtora","embeddable":true,"href":"https:\/\/blackholediscos.com\/en\/wp-json\/wp\/v2\/produtora?post=1051"},{"taxonomy":"ano","embeddable":true,"href":"https:\/\/blackholediscos.com\/en\/wp-json\/wp\/v2\/ano?post=1051"}],"curies":[{"name":"wp","href":"https:\/\/api.w.org\/{rel}","templated":true}]}}