{"id":1045,"date":"2024-06-22T21:27:22","date_gmt":"2024-06-22T21:27:22","guid":{"rendered":"https:\/\/blackholediscos.com\/?post_type=product&#038;p=1045"},"modified":"2024-07-29T21:54:48","modified_gmt":"2024-07-29T21:54:48","slug":"jorge-ben-o-bidu-silencio-no-brooklyn","status":"publish","type":"product","link":"https:\/\/blackholediscos.com\/en\/product\/jorge-ben-o-bidu-silencio-no-brooklyn\/","title":{"rendered":"Jorge ben &#8211; O bidu sil\u00eancio no brooklyn"},"content":{"rendered":"<p>Lp repress em perfeitas condi\u00e7\u00f5es de capa e m\u00eddia. <\/p>\n<p>Selo:<br \/>\nCopacabana \u200e\u2013 COELP 4091<\/p>\n<p>Lista de faixas<\/p>\n<p>A1\tAmor De Carnaval<br \/>\nA2\tNascimento De Um Pr\u00edncipe Africano<br \/>\nA3\tJovem Samba<br \/>\nA4\tRosa Mas Que Nada<br \/>\nA5\tCan\u00e7\u00e3o De Uma F\u00e3<br \/>\nA6\tMenina Gata Augusta<br \/>\nB1\tT\u00f4da Colorida<br \/>\nB2\tFrases<br \/>\nB3\tQuanto Mais Te Vejo<br \/>\nB4\tVou Andando<br \/>\nB5\tEU Sou Da Pesada<br \/>\nB6\tSi Manda<\/p>","protected":false},"excerpt":{"rendered":"<p>Lp repress em perfeitas condi\u00e7\u00f5es de capa e m\u00eddia. Selo: Copacabana \u200e\u2013 COELP 4091 Lista de faixas A1 Amor De Carnaval A2 Nascimento De Um Pr\u00edncipe Africano A3 Jovem Samba A4 Rosa Mas Que Nada A5 Can\u00e7\u00e3o De Uma F\u00e3 A6 Menina Gata Augusta B1 T\u00f4da Colorida B2 Frases B3 Quanto Mais Te Vejo B4 [&hellip;]<\/p>\n","protected":false},"featured_media":1046,"comment_status":"open","ping_status":"closed","template":"","meta":{"_acf_changed":false},"product_brand":[],"product_cat":[515,31,39,24,37],"product_tag":[],"artista":[289],"produtora":[218],"ano":[284],"class_list":{"0":"post-1045","1":"product","2":"type-product","3":"status-publish","4":"has-post-thumbnail","6":"product_cat-jazz-latin","7":"product_cat-mais-populares","8":"product_cat-mpb","9":"product_cat-samba","10":"product_cat-soul","11":"artista-jorge-ben","12":"produtora-copacabana","13":"ano-284","15":"first","16":"outofstock","17":"shipping-taxable","18":"purchasable","19":"product-type-simple"},"acf":[],"yoast_head":"<!-- This site is optimized with the Yoast SEO plugin v27.3 - https:\/\/yoast.com\/product\/yoast-seo-wordpress\/ -->\n<title>Jorge ben - O bidu sil\u00eancio no brooklyn - Black Hole Discos<\/title>\n<meta name=\"robots\" content=\"index, follow, max-snippet:-1, max-image-preview:large, max-video-preview:-1\" \/>\n<link rel=\"canonical\" href=\"https:\/\/blackholediscos.com\/en\/product\/jorge-ben-o-bidu-silencio-no-brooklyn\/\" \/>\n<meta property=\"og:locale\" content=\"en_US\" \/>\n<meta property=\"og:type\" content=\"article\" \/>\n<meta property=\"og:title\" content=\"Jorge ben - O bidu sil\u00eancio no brooklyn - Black Hole Discos\" \/>\n<meta property=\"og:description\" content=\"Lp repress em perfeitas condi\u00e7\u00f5es de capa e m\u00eddia. Selo: Copacabana \u200e\u2013 COELP 4091 Lista de faixas A1 Amor De Carnaval A2 Nascimento De Um Pr\u00edncipe Africano A3 Jovem Samba A4 Rosa Mas Que Nada A5 Can\u00e7\u00e3o De Uma F\u00e3 A6 Menina Gata Augusta B1 T\u00f4da Colorida B2 Frases B3 Quanto Mais Te Vejo B4 [&hellip;]\" \/>\n<meta property=\"og:url\" content=\"https:\/\/blackholediscos.com\/en\/product\/jorge-ben-o-bidu-silencio-no-brooklyn\/\" \/>\n<meta property=\"og:site_name\" content=\"Black Hole Discos\" \/>\n<meta property=\"article:publisher\" content=\"https:\/\/www.instagram.com\/blackholediscos\/\" \/>\n<meta property=\"article:modified_time\" content=\"2024-07-29T21:54:48+00:00\" \/>\n<meta property=\"og:image\" content=\"https:\/\/blackholediscos.com\/wp-content\/uploads\/2024\/06\/IMG_7396-scaled.jpeg\" \/>\n\t<meta property=\"og:image:width\" content=\"2560\" \/>\n\t<meta property=\"og:image:height\" content=\"2560\" \/>\n\t<meta property=\"og:image:type\" content=\"image\/jpeg\" \/>\n<meta name=\"twitter:card\" content=\"summary_large_image\" \/>\n<meta name=\"twitter:label1\" content=\"Est. reading time\" \/>\n\t<meta name=\"twitter:data1\" content=\"1 minute\" \/>\n<script type=\"application\/ld+json\" class=\"yoast-schema-graph\">{\"@context\":\"https:\\\/\\\/schema.org\",\"@graph\":[{\"@type\":\"WebPage\",\"@id\":\"https:\\\/\\\/blackholediscos.com\\\/product\\\/jorge-ben-o-bidu-silencio-no-brooklyn\\\/\",\"url\":\"https:\\\/\\\/blackholediscos.com\\\/product\\\/jorge-ben-o-bidu-silencio-no-brooklyn\\\/\",\"name\":\"Jorge ben - O bidu sil\u00eancio no brooklyn - Black Hole Discos\",\"isPartOf\":{\"@id\":\"https:\\\/\\\/blackholediscos.com\\\/#website\"},\"primaryImageOfPage\":{\"@id\":\"https:\\\/\\\/blackholediscos.com\\\/product\\\/jorge-ben-o-bidu-silencio-no-brooklyn\\\/#primaryimage\"},\"image\":{\"@id\":\"https:\\\/\\\/blackholediscos.com\\\/product\\\/jorge-ben-o-bidu-silencio-no-brooklyn\\\/#primaryimage\"},\"thumbnailUrl\":\"https:\\\/\\\/blackholediscos.com\\\/wp-content\\\/uploads\\\/2024\\\/06\\\/IMG_7396-scaled.jpeg\",\"datePublished\":\"2024-06-22T21:27:22+00:00\",\"dateModified\":\"2024-07-29T21:54:48+00:00\",\"breadcrumb\":{\"@id\":\"https:\\\/\\\/blackholediscos.com\\\/product\\\/jorge-ben-o-bidu-silencio-no-brooklyn\\\/#breadcrumb\"},\"inLanguage\":\"en-US\",\"potentialAction\":[{\"@type\":\"ReadAction\",\"target\":[\"https:\\\/\\\/blackholediscos.com\\\/product\\\/jorge-ben-o-bidu-silencio-no-brooklyn\\\/\"]}]},{\"@type\":\"ImageObject\",\"inLanguage\":\"en-US\",\"@id\":\"https:\\\/\\\/blackholediscos.com\\\/product\\\/jorge-ben-o-bidu-silencio-no-brooklyn\\\/#primaryimage\",\"url\":\"https:\\\/\\\/blackholediscos.com\\\/wp-content\\\/uploads\\\/2024\\\/06\\\/IMG_7396-scaled.jpeg\",\"contentUrl\":\"https:\\\/\\\/blackholediscos.com\\\/wp-content\\\/uploads\\\/2024\\\/06\\\/IMG_7396-scaled.jpeg\",\"width\":2560,\"height\":2560},{\"@type\":\"BreadcrumbList\",\"@id\":\"https:\\\/\\\/blackholediscos.com\\\/product\\\/jorge-ben-o-bidu-silencio-no-brooklyn\\\/#breadcrumb\",\"itemListElement\":[{\"@type\":\"ListItem\",\"position\":1,\"name\":\"In\u00edcio\",\"item\":\"https:\\\/\\\/blackholediscos.com\\\/\"},{\"@type\":\"ListItem\",\"position\":2,\"name\":\"Shop\",\"item\":\"https:\\\/\\\/blackholediscos.com\\\/shop\\\/\"},{\"@type\":\"ListItem\",\"position\":3,\"name\":\"Jorge ben &#8211; O bidu sil\u00eancio no brooklyn\"}]},{\"@type\":\"WebSite\",\"@id\":\"https:\\\/\\\/blackholediscos.com\\\/#website\",\"url\":\"https:\\\/\\\/blackholediscos.com\\\/\",\"name\":\"Black Hole Discos\",\"description\":\"Brazilian music LPs\",\"publisher\":{\"@id\":\"https:\\\/\\\/blackholediscos.com\\\/#organization\"},\"potentialAction\":[{\"@type\":\"SearchAction\",\"target\":{\"@type\":\"EntryPoint\",\"urlTemplate\":\"https:\\\/\\\/blackholediscos.com\\\/?s={search_term_string}\"},\"query-input\":{\"@type\":\"PropertyValueSpecification\",\"valueRequired\":true,\"valueName\":\"search_term_string\"}}],\"inLanguage\":\"en-US\"},{\"@type\":\"Organization\",\"@id\":\"https:\\\/\\\/blackholediscos.com\\\/#organization\",\"name\":\"Black Hole Discos\",\"url\":\"https:\\\/\\\/blackholediscos.com\\\/\",\"logo\":{\"@type\":\"ImageObject\",\"inLanguage\":\"en-US\",\"@id\":\"https:\\\/\\\/blackholediscos.com\\\/#\\\/schema\\\/logo\\\/image\\\/\",\"url\":\"https:\\\/\\\/blackholediscos.com\\\/wp-content\\\/uploads\\\/2024\\\/06\\\/black-hole-discos-vinis-logo.png\",\"contentUrl\":\"https:\\\/\\\/blackholediscos.com\\\/wp-content\\\/uploads\\\/2024\\\/06\\\/black-hole-discos-vinis-logo.png\",\"width\":70,\"height\":66,\"caption\":\"Black Hole Discos\"},\"image\":{\"@id\":\"https:\\\/\\\/blackholediscos.com\\\/#\\\/schema\\\/logo\\\/image\\\/\"},\"sameAs\":[\"https:\\\/\\\/www.instagram.com\\\/blackholediscos\\\/\"]}]}<\/script>\n<!-- \/ Yoast SEO plugin. -->","yoast_head_json":{"title":"Jorge ben - O bidu sil\u00eancio no brooklyn - Black Hole Discos","robots":{"index":"index","follow":"follow","max-snippet":"max-snippet:-1","max-image-preview":"max-image-preview:large","max-video-preview":"max-video-preview:-1"},"canonical":"https:\/\/blackholediscos.com\/en\/product\/jorge-ben-o-bidu-silencio-no-brooklyn\/","og_locale":"en_US","og_type":"article","og_title":"Jorge ben - O bidu sil\u00eancio no brooklyn - Black Hole Discos","og_description":"Lp repress em perfeitas condi\u00e7\u00f5es de capa e m\u00eddia. Selo: Copacabana \u200e\u2013 COELP 4091 Lista de faixas A1 Amor De Carnaval A2 Nascimento De Um Pr\u00edncipe Africano A3 Jovem Samba A4 Rosa Mas Que Nada A5 Can\u00e7\u00e3o De Uma F\u00e3 A6 Menina Gata Augusta B1 T\u00f4da Colorida B2 Frases B3 Quanto Mais Te Vejo B4 [&hellip;]","og_url":"https:\/\/blackholediscos.com\/en\/product\/jorge-ben-o-bidu-silencio-no-brooklyn\/","og_site_name":"Black Hole Discos","article_publisher":"https:\/\/www.instagram.com\/blackholediscos\/","article_modified_time":"2024-07-29T21:54:48+00:00","og_image":[{"width":2560,"height":2560,"url":"https:\/\/blackholediscos.com\/wp-content\/uploads\/2024\/06\/IMG_7396-scaled.jpeg","type":"image\/jpeg"}],"twitter_card":"summary_large_image","twitter_misc":{"Est. reading time":"1 minute"},"schema":{"@context":"https:\/\/schema.org","@graph":[{"@type":"WebPage","@id":"https:\/\/blackholediscos.com\/product\/jorge-ben-o-bidu-silencio-no-brooklyn\/","url":"https:\/\/blackholediscos.com\/product\/jorge-ben-o-bidu-silencio-no-brooklyn\/","name":"Jorge ben - O bidu sil\u00eancio no brooklyn - Black Hole Discos","isPartOf":{"@id":"https:\/\/blackholediscos.com\/#website"},"primaryImageOfPage":{"@id":"https:\/\/blackholediscos.com\/product\/jorge-ben-o-bidu-silencio-no-brooklyn\/#primaryimage"},"image":{"@id":"https:\/\/blackholediscos.com\/product\/jorge-ben-o-bidu-silencio-no-brooklyn\/#primaryimage"},"thumbnailUrl":"https:\/\/blackholediscos.com\/wp-content\/uploads\/2024\/06\/IMG_7396-scaled.jpeg","datePublished":"2024-06-22T21:27:22+00:00","dateModified":"2024-07-29T21:54:48+00:00","breadcrumb":{"@id":"https:\/\/blackholediscos.com\/product\/jorge-ben-o-bidu-silencio-no-brooklyn\/#breadcrumb"},"inLanguage":"en-US","potentialAction":[{"@type":"ReadAction","target":["https:\/\/blackholediscos.com\/product\/jorge-ben-o-bidu-silencio-no-brooklyn\/"]}]},{"@type":"ImageObject","inLanguage":"en-US","@id":"https:\/\/blackholediscos.com\/product\/jorge-ben-o-bidu-silencio-no-brooklyn\/#primaryimage","url":"https:\/\/blackholediscos.com\/wp-content\/uploads\/2024\/06\/IMG_7396-scaled.jpeg","contentUrl":"https:\/\/blackholediscos.com\/wp-content\/uploads\/2024\/06\/IMG_7396-scaled.jpeg","width":2560,"height":2560},{"@type":"BreadcrumbList","@id":"https:\/\/blackholediscos.com\/product\/jorge-ben-o-bidu-silencio-no-brooklyn\/#breadcrumb","itemListElement":[{"@type":"ListItem","position":1,"name":"In\u00edcio","item":"https:\/\/blackholediscos.com\/"},{"@type":"ListItem","position":2,"name":"Shop","item":"https:\/\/blackholediscos.com\/shop\/"},{"@type":"ListItem","position":3,"name":"Jorge ben &#8211; O bidu sil\u00eancio no brooklyn"}]},{"@type":"WebSite","@id":"https:\/\/blackholediscos.com\/#website","url":"https:\/\/blackholediscos.com\/","name":"Black Hole Discos","description":"Brazilian music LPs","publisher":{"@id":"https:\/\/blackholediscos.com\/#organization"},"potentialAction":[{"@type":"SearchAction","target":{"@type":"EntryPoint","urlTemplate":"https:\/\/blackholediscos.com\/?s={search_term_string}"},"query-input":{"@type":"PropertyValueSpecification","valueRequired":true,"valueName":"search_term_string"}}],"inLanguage":"en-US"},{"@type":"Organization","@id":"https:\/\/blackholediscos.com\/#organization","name":"Black Hole Discos","url":"https:\/\/blackholediscos.com\/","logo":{"@type":"ImageObject","inLanguage":"en-US","@id":"https:\/\/blackholediscos.com\/#\/schema\/logo\/image\/","url":"https:\/\/blackholediscos.com\/wp-content\/uploads\/2024\/06\/black-hole-discos-vinis-logo.png","contentUrl":"https:\/\/blackholediscos.com\/wp-content\/uploads\/2024\/06\/black-hole-discos-vinis-logo.png","width":70,"height":66,"caption":"Black Hole Discos"},"image":{"@id":"https:\/\/blackholediscos.com\/#\/schema\/logo\/image\/"},"sameAs":["https:\/\/www.instagram.com\/blackholediscos\/"]}]}},"_links":{"self":[{"href":"https:\/\/blackholediscos.com\/en\/wp-json\/wp\/v2\/product\/1045","targetHints":{"allow":["GET"]}}],"collection":[{"href":"https:\/\/blackholediscos.com\/en\/wp-json\/wp\/v2\/product"}],"about":[{"href":"https:\/\/blackholediscos.com\/en\/wp-json\/wp\/v2\/types\/product"}],"replies":[{"embeddable":true,"href":"https:\/\/blackholediscos.com\/en\/wp-json\/wp\/v2\/comments?post=1045"}],"wp:featuredmedia":[{"embeddable":true,"href":"https:\/\/blackholediscos.com\/en\/wp-json\/wp\/v2\/media\/1046"}],"wp:attachment":[{"href":"https:\/\/blackholediscos.com\/en\/wp-json\/wp\/v2\/media?parent=1045"}],"wp:term":[{"taxonomy":"product_brand","embeddable":true,"href":"https:\/\/blackholediscos.com\/en\/wp-json\/wp\/v2\/product_brand?post=1045"},{"taxonomy":"product_cat","embeddable":true,"href":"https:\/\/blackholediscos.com\/en\/wp-json\/wp\/v2\/product_cat?post=1045"},{"taxonomy":"product_tag","embeddable":true,"href":"https:\/\/blackholediscos.com\/en\/wp-json\/wp\/v2\/product_tag?post=1045"},{"taxonomy":"artista","embeddable":true,"href":"https:\/\/blackholediscos.com\/en\/wp-json\/wp\/v2\/artista?post=1045"},{"taxonomy":"produtora","embeddable":true,"href":"https:\/\/blackholediscos.com\/en\/wp-json\/wp\/v2\/produtora?post=1045"},{"taxonomy":"ano","embeddable":true,"href":"https:\/\/blackholediscos.com\/en\/wp-json\/wp\/v2\/ano?post=1045"}],"curies":[{"name":"wp","href":"https:\/\/api.w.org\/{rel}","templated":true}]}}