{"id":1044,"date":"2024-06-22T21:24:01","date_gmt":"2024-06-22T21:24:01","guid":{"rendered":"https:\/\/blackholediscos.com\/?post_type=product&#038;p=1044"},"modified":"2024-06-26T18:59:36","modified_gmt":"2024-06-26T18:59:36","slug":"elza-soares-a-mulher-do-fim-do-mundo","status":"publish","type":"product","link":"https:\/\/blackholediscos.com\/en\/product\/elza-soares-a-mulher-do-fim-do-mundo\/","title":{"rendered":"Elza Soares &#8211; A Mulher do Fim do Mundo"},"content":{"rendered":"<p>Lp em perfeitas condi\u00e7\u00f5es de capa e m\u00eddia. <\/p>\n<p>Selo:<br \/>\nCircus (10) \u200e\u2013 CPF 023<\/p>\n<p>Lista de faixa<\/p>\n<p>A1\tCora\u00e7\u00e3o Do Mar<br \/>\nA2\tMulher Do Fim Do Mundo<br \/>\nA3\tMaria Da Vila Matilde<br \/>\nA4\tLuz Vermelha<br \/>\nA5\tPra Fuder<br \/>\nA6\tFirmeza?!<br \/>\nB1\tBenedita<br \/>\nB2\tDan\u00e7a<br \/>\nB3\tO Canal<br \/>\nB4\tSolto<br \/>\nB5\tComigo<\/p>","protected":false},"excerpt":{"rendered":"<p>Lp em perfeitas condi\u00e7\u00f5es de capa e m\u00eddia. Selo: Circus (10) \u200e\u2013 CPF 023 Lista de faixa A1 Cora\u00e7\u00e3o Do Mar A2 Mulher Do Fim Do Mundo A3 Maria Da Vila Matilde A4 Luz Vermelha A5 Pra Fuder A6 Firmeza?! B1 Benedita B2 Dan\u00e7a B3 O Canal B4 Solto B5 Comigo<\/p>","protected":false},"featured_media":896,"comment_status":"open","ping_status":"closed","template":"","meta":{"_acf_changed":false},"product_brand":[],"product_cat":[78,513,39,138,48,35],"product_tag":[285,286],"artista":[287],"produtora":[189],"ano":[288],"class_list":{"0":"post-1044","1":"product","2":"type-product","3":"status-publish","4":"has-post-thumbnail","6":"product_cat-contemporaneos","7":"product_cat-experimental","8":"product_cat-mpb","9":"product_cat-polysom","10":"product_cat-psicodelia","11":"product_cat-rock","12":"product_tag-elza-soares","13":"product_tag-kiko-dinucci","14":"artista-elza-soares","15":"produtora-circus","16":"ano-288","18":"first","19":"instock","20":"shipping-taxable","21":"purchasable","22":"product-type-simple"},"acf":[],"yoast_head":"<!-- This site is optimized with the Yoast SEO plugin v27.4 - https:\/\/yoast.com\/product\/yoast-seo-wordpress\/ -->\n<title>Elza Soares - A Mulher do Fim do Mundo - Black Hole Discos<\/title>\n<meta name=\"robots\" content=\"index, follow, max-snippet:-1, max-image-preview:large, max-video-preview:-1\" \/>\n<link rel=\"canonical\" href=\"https:\/\/blackholediscos.com\/en\/product\/elza-soares-a-mulher-do-fim-do-mundo\/\" \/>\n<meta property=\"og:locale\" content=\"en_US\" \/>\n<meta property=\"og:type\" content=\"article\" \/>\n<meta property=\"og:title\" content=\"Elza Soares - A Mulher do Fim do Mundo - Black Hole Discos\" \/>\n<meta property=\"og:description\" content=\"Lp em perfeitas condi\u00e7\u00f5es de capa e m\u00eddia. Selo: Circus (10) \u200e\u2013 CPF 023 Lista de faixa A1 Cora\u00e7\u00e3o Do Mar A2 Mulher Do Fim Do Mundo A3 Maria Da Vila Matilde A4 Luz Vermelha A5 Pra Fuder A6 Firmeza?! B1 Benedita B2 Dan\u00e7a B3 O Canal B4 Solto B5 Comigo\" \/>\n<meta property=\"og:url\" content=\"https:\/\/blackholediscos.com\/en\/product\/elza-soares-a-mulher-do-fim-do-mundo\/\" \/>\n<meta property=\"og:site_name\" content=\"Black Hole Discos\" \/>\n<meta property=\"article:publisher\" content=\"https:\/\/www.instagram.com\/blackholediscos\/\" \/>\n<meta property=\"article:modified_time\" content=\"2024-06-26T18:59:36+00:00\" \/>\n<meta property=\"og:image\" content=\"https:\/\/blackholediscos.com\/wp-content\/uploads\/2024\/06\/IMG_0241-scaled.jpeg\" \/>\n\t<meta property=\"og:image:width\" content=\"2560\" \/>\n\t<meta property=\"og:image:height\" content=\"2560\" \/>\n\t<meta property=\"og:image:type\" content=\"image\/jpeg\" \/>\n<meta name=\"twitter:card\" content=\"summary_large_image\" \/>\n<meta name=\"twitter:label1\" content=\"Est. reading time\" \/>\n\t<meta name=\"twitter:data1\" content=\"1 minute\" \/>\n<script type=\"application\/ld+json\" class=\"yoast-schema-graph\">{\"@context\":\"https:\\\/\\\/schema.org\",\"@graph\":[{\"@type\":\"WebPage\",\"@id\":\"https:\\\/\\\/blackholediscos.com\\\/product\\\/elza-soares-a-mulher-do-fim-do-mundo\\\/\",\"url\":\"https:\\\/\\\/blackholediscos.com\\\/product\\\/elza-soares-a-mulher-do-fim-do-mundo\\\/\",\"name\":\"Elza Soares - A Mulher do Fim do Mundo - Black Hole Discos\",\"isPartOf\":{\"@id\":\"https:\\\/\\\/blackholediscos.com\\\/#website\"},\"primaryImageOfPage\":{\"@id\":\"https:\\\/\\\/blackholediscos.com\\\/product\\\/elza-soares-a-mulher-do-fim-do-mundo\\\/#primaryimage\"},\"image\":{\"@id\":\"https:\\\/\\\/blackholediscos.com\\\/product\\\/elza-soares-a-mulher-do-fim-do-mundo\\\/#primaryimage\"},\"thumbnailUrl\":\"https:\\\/\\\/blackholediscos.com\\\/wp-content\\\/uploads\\\/2024\\\/06\\\/IMG_0241-scaled.jpeg\",\"datePublished\":\"2024-06-22T21:24:01+00:00\",\"dateModified\":\"2024-06-26T18:59:36+00:00\",\"breadcrumb\":{\"@id\":\"https:\\\/\\\/blackholediscos.com\\\/product\\\/elza-soares-a-mulher-do-fim-do-mundo\\\/#breadcrumb\"},\"inLanguage\":\"en-US\",\"potentialAction\":[{\"@type\":\"ReadAction\",\"target\":[\"https:\\\/\\\/blackholediscos.com\\\/product\\\/elza-soares-a-mulher-do-fim-do-mundo\\\/\"]}]},{\"@type\":\"ImageObject\",\"inLanguage\":\"en-US\",\"@id\":\"https:\\\/\\\/blackholediscos.com\\\/product\\\/elza-soares-a-mulher-do-fim-do-mundo\\\/#primaryimage\",\"url\":\"https:\\\/\\\/blackholediscos.com\\\/wp-content\\\/uploads\\\/2024\\\/06\\\/IMG_0241-scaled.jpeg\",\"contentUrl\":\"https:\\\/\\\/blackholediscos.com\\\/wp-content\\\/uploads\\\/2024\\\/06\\\/IMG_0241-scaled.jpeg\",\"width\":2560,\"height\":2560},{\"@type\":\"BreadcrumbList\",\"@id\":\"https:\\\/\\\/blackholediscos.com\\\/product\\\/elza-soares-a-mulher-do-fim-do-mundo\\\/#breadcrumb\",\"itemListElement\":[{\"@type\":\"ListItem\",\"position\":1,\"name\":\"In\u00edcio\",\"item\":\"https:\\\/\\\/blackholediscos.com\\\/\"},{\"@type\":\"ListItem\",\"position\":2,\"name\":\"Shop\",\"item\":\"https:\\\/\\\/blackholediscos.com\\\/shop\\\/\"},{\"@type\":\"ListItem\",\"position\":3,\"name\":\"Elza Soares &#8211; A Mulher do Fim do Mundo\"}]},{\"@type\":\"WebSite\",\"@id\":\"https:\\\/\\\/blackholediscos.com\\\/#website\",\"url\":\"https:\\\/\\\/blackholediscos.com\\\/\",\"name\":\"Black Hole Discos\",\"description\":\"Brazilian music LPs\",\"publisher\":{\"@id\":\"https:\\\/\\\/blackholediscos.com\\\/#organization\"},\"potentialAction\":[{\"@type\":\"SearchAction\",\"target\":{\"@type\":\"EntryPoint\",\"urlTemplate\":\"https:\\\/\\\/blackholediscos.com\\\/?s={search_term_string}\"},\"query-input\":{\"@type\":\"PropertyValueSpecification\",\"valueRequired\":true,\"valueName\":\"search_term_string\"}}],\"inLanguage\":\"en-US\"},{\"@type\":\"Organization\",\"@id\":\"https:\\\/\\\/blackholediscos.com\\\/#organization\",\"name\":\"Black Hole Discos\",\"url\":\"https:\\\/\\\/blackholediscos.com\\\/\",\"logo\":{\"@type\":\"ImageObject\",\"inLanguage\":\"en-US\",\"@id\":\"https:\\\/\\\/blackholediscos.com\\\/#\\\/schema\\\/logo\\\/image\\\/\",\"url\":\"https:\\\/\\\/blackholediscos.com\\\/wp-content\\\/uploads\\\/2024\\\/06\\\/black-hole-discos-vinis-logo.png\",\"contentUrl\":\"https:\\\/\\\/blackholediscos.com\\\/wp-content\\\/uploads\\\/2024\\\/06\\\/black-hole-discos-vinis-logo.png\",\"width\":70,\"height\":66,\"caption\":\"Black Hole Discos\"},\"image\":{\"@id\":\"https:\\\/\\\/blackholediscos.com\\\/#\\\/schema\\\/logo\\\/image\\\/\"},\"sameAs\":[\"https:\\\/\\\/www.instagram.com\\\/blackholediscos\\\/\"]}]}<\/script>\n<!-- \/ Yoast SEO plugin. -->","yoast_head_json":{"title":"Elza Soares - A Mulher do Fim do Mundo - Black Hole Discos","robots":{"index":"index","follow":"follow","max-snippet":"max-snippet:-1","max-image-preview":"max-image-preview:large","max-video-preview":"max-video-preview:-1"},"canonical":"https:\/\/blackholediscos.com\/en\/product\/elza-soares-a-mulher-do-fim-do-mundo\/","og_locale":"en_US","og_type":"article","og_title":"Elza Soares - A Mulher do Fim do Mundo - Black Hole Discos","og_description":"Lp em perfeitas condi\u00e7\u00f5es de capa e m\u00eddia. Selo: Circus (10) \u200e\u2013 CPF 023 Lista de faixa A1 Cora\u00e7\u00e3o Do Mar A2 Mulher Do Fim Do Mundo A3 Maria Da Vila Matilde A4 Luz Vermelha A5 Pra Fuder A6 Firmeza?! B1 Benedita B2 Dan\u00e7a B3 O Canal B4 Solto B5 Comigo","og_url":"https:\/\/blackholediscos.com\/en\/product\/elza-soares-a-mulher-do-fim-do-mundo\/","og_site_name":"Black Hole Discos","article_publisher":"https:\/\/www.instagram.com\/blackholediscos\/","article_modified_time":"2024-06-26T18:59:36+00:00","og_image":[{"width":2560,"height":2560,"url":"https:\/\/blackholediscos.com\/wp-content\/uploads\/2024\/06\/IMG_0241-scaled.jpeg","type":"image\/jpeg"}],"twitter_card":"summary_large_image","twitter_misc":{"Est. reading time":"1 minute"},"schema":{"@context":"https:\/\/schema.org","@graph":[{"@type":"WebPage","@id":"https:\/\/blackholediscos.com\/product\/elza-soares-a-mulher-do-fim-do-mundo\/","url":"https:\/\/blackholediscos.com\/product\/elza-soares-a-mulher-do-fim-do-mundo\/","name":"Elza Soares - A Mulher do Fim do Mundo - Black Hole Discos","isPartOf":{"@id":"https:\/\/blackholediscos.com\/#website"},"primaryImageOfPage":{"@id":"https:\/\/blackholediscos.com\/product\/elza-soares-a-mulher-do-fim-do-mundo\/#primaryimage"},"image":{"@id":"https:\/\/blackholediscos.com\/product\/elza-soares-a-mulher-do-fim-do-mundo\/#primaryimage"},"thumbnailUrl":"https:\/\/blackholediscos.com\/wp-content\/uploads\/2024\/06\/IMG_0241-scaled.jpeg","datePublished":"2024-06-22T21:24:01+00:00","dateModified":"2024-06-26T18:59:36+00:00","breadcrumb":{"@id":"https:\/\/blackholediscos.com\/product\/elza-soares-a-mulher-do-fim-do-mundo\/#breadcrumb"},"inLanguage":"en-US","potentialAction":[{"@type":"ReadAction","target":["https:\/\/blackholediscos.com\/product\/elza-soares-a-mulher-do-fim-do-mundo\/"]}]},{"@type":"ImageObject","inLanguage":"en-US","@id":"https:\/\/blackholediscos.com\/product\/elza-soares-a-mulher-do-fim-do-mundo\/#primaryimage","url":"https:\/\/blackholediscos.com\/wp-content\/uploads\/2024\/06\/IMG_0241-scaled.jpeg","contentUrl":"https:\/\/blackholediscos.com\/wp-content\/uploads\/2024\/06\/IMG_0241-scaled.jpeg","width":2560,"height":2560},{"@type":"BreadcrumbList","@id":"https:\/\/blackholediscos.com\/product\/elza-soares-a-mulher-do-fim-do-mundo\/#breadcrumb","itemListElement":[{"@type":"ListItem","position":1,"name":"In\u00edcio","item":"https:\/\/blackholediscos.com\/"},{"@type":"ListItem","position":2,"name":"Shop","item":"https:\/\/blackholediscos.com\/shop\/"},{"@type":"ListItem","position":3,"name":"Elza Soares &#8211; A Mulher do Fim do Mundo"}]},{"@type":"WebSite","@id":"https:\/\/blackholediscos.com\/#website","url":"https:\/\/blackholediscos.com\/","name":"Black Hole Discos","description":"Brazilian music LPs","publisher":{"@id":"https:\/\/blackholediscos.com\/#organization"},"potentialAction":[{"@type":"SearchAction","target":{"@type":"EntryPoint","urlTemplate":"https:\/\/blackholediscos.com\/?s={search_term_string}"},"query-input":{"@type":"PropertyValueSpecification","valueRequired":true,"valueName":"search_term_string"}}],"inLanguage":"en-US"},{"@type":"Organization","@id":"https:\/\/blackholediscos.com\/#organization","name":"Black Hole Discos","url":"https:\/\/blackholediscos.com\/","logo":{"@type":"ImageObject","inLanguage":"en-US","@id":"https:\/\/blackholediscos.com\/#\/schema\/logo\/image\/","url":"https:\/\/blackholediscos.com\/wp-content\/uploads\/2024\/06\/black-hole-discos-vinis-logo.png","contentUrl":"https:\/\/blackholediscos.com\/wp-content\/uploads\/2024\/06\/black-hole-discos-vinis-logo.png","width":70,"height":66,"caption":"Black Hole Discos"},"image":{"@id":"https:\/\/blackholediscos.com\/#\/schema\/logo\/image\/"},"sameAs":["https:\/\/www.instagram.com\/blackholediscos\/"]}]}},"_links":{"self":[{"href":"https:\/\/blackholediscos.com\/en\/wp-json\/wp\/v2\/product\/1044","targetHints":{"allow":["GET"]}}],"collection":[{"href":"https:\/\/blackholediscos.com\/en\/wp-json\/wp\/v2\/product"}],"about":[{"href":"https:\/\/blackholediscos.com\/en\/wp-json\/wp\/v2\/types\/product"}],"replies":[{"embeddable":true,"href":"https:\/\/blackholediscos.com\/en\/wp-json\/wp\/v2\/comments?post=1044"}],"wp:featuredmedia":[{"embeddable":true,"href":"https:\/\/blackholediscos.com\/en\/wp-json\/wp\/v2\/media\/896"}],"wp:attachment":[{"href":"https:\/\/blackholediscos.com\/en\/wp-json\/wp\/v2\/media?parent=1044"}],"wp:term":[{"taxonomy":"product_brand","embeddable":true,"href":"https:\/\/blackholediscos.com\/en\/wp-json\/wp\/v2\/product_brand?post=1044"},{"taxonomy":"product_cat","embeddable":true,"href":"https:\/\/blackholediscos.com\/en\/wp-json\/wp\/v2\/product_cat?post=1044"},{"taxonomy":"product_tag","embeddable":true,"href":"https:\/\/blackholediscos.com\/en\/wp-json\/wp\/v2\/product_tag?post=1044"},{"taxonomy":"artista","embeddable":true,"href":"https:\/\/blackholediscos.com\/en\/wp-json\/wp\/v2\/artista?post=1044"},{"taxonomy":"produtora","embeddable":true,"href":"https:\/\/blackholediscos.com\/en\/wp-json\/wp\/v2\/produtora?post=1044"},{"taxonomy":"ano","embeddable":true,"href":"https:\/\/blackholediscos.com\/en\/wp-json\/wp\/v2\/ano?post=1044"}],"curies":[{"name":"wp","href":"https:\/\/api.w.org\/{rel}","templated":true}]}}