{"id":1015,"date":"2024-06-22T20:54:53","date_gmt":"2024-06-22T20:54:53","guid":{"rendered":"https:\/\/blackholediscos.com\/?post_type=product&#038;p=1015"},"modified":"2025-12-16T00:49:51","modified_gmt":"2025-12-16T00:49:51","slug":"claudia-deixa-eu-dizer","status":"publish","type":"product","link":"https:\/\/blackholediscos.com\/en\/product\/claudia-deixa-eu-dizer\/","title":{"rendered":"Claudia &#8211; Deixa eu Dizer"},"content":{"rendered":"<p>Reedi\u00e7\u00e3o universal music. Vinil Lacrado de f\u00e1brica.<\/p>\n<p>Selo:<br \/>\nEMI \u200e\u2013 060245568473, Universal Music \u200e\u2013 060245568473<\/p>\n<p>Lista de faixas<\/p>\n<p>A1 Noite De Ver\u00e3o<br \/>\nWritten-By \u2013 Cl\u00e1udia*, Raul Telles<\/p>\n<p>A2 Esse Cara<br \/>\nWritten-By \u2013 Caetano Veloso<\/p>\n<p>A3 A Fonte Secou<br \/>\nWritten-By \u2013 Marcl\u00e9o, Monsueto Menezes, Tufic Lauar<\/p>\n<p>A4 O Circo<br \/>\nWritten-By \u2013 Z\u00e9dantas*<\/p>\n<p>A5 Voc\u00ea N\u00e3o Sabe Amar<br \/>\nWritten-By \u2013 Carlos Guinle, Dorival Caymmi, Hugo Lima (2)<\/p>\n<p>A6 Agora Quem Ri Sou Eu<br \/>\nWritten-By \u2013 Cl\u00e1udia*, Cristi\u00ea<\/p>\n<p>B1 S\u00f3 Que Deram Zero Pro Bedeu<br \/>\nWritten-By \u2013 Luis Vagner<\/p>\n<p>B2 Deixa Eu Dizer<br \/>\nWritten-By \u2013 Ivan Lins, Ronaldo Monteiro de Souza<\/p>\n<p>B3 Chega De Saudade<br \/>\nWritten-By \u2013 Antonio Carlos Jobim, Vinicius De Moraes<\/p>\n<p>B4 Apartamento Na Cidade<br \/>\nWritten-By \u2013 Cl\u00e1udia*, Raul Telles<\/p>\n<p>B5 Bela<br \/>\nWritten-By \u2013 Raul Esteves, Raul Telles<\/p>\n<p>B6 Pois \u00c9, Seu Z\u00e9<br \/>\nWritten-By \u2013 Conzaga Jr.*<\/p>","protected":false},"excerpt":{"rendered":"<p>Reedi\u00e7\u00e3o universal music. Vinil Lacrado de f\u00e1brica. Selo: EMI \u200e\u2013 060245568473, Universal Music \u200e\u2013 060245568473 Lista de faixas A1 Noite De Ver\u00e3o Written-By \u2013 Cl\u00e1udia*, Raul Telles A2 Esse Cara Written-By \u2013 Caetano Veloso A3 A Fonte Secou Written-By \u2013 Marcl\u00e9o, Monsueto Menezes, Tufic Lauar A4 O Circo Written-By \u2013 Z\u00e9dantas* A5 Voc\u00ea N\u00e3o Sabe [&hellip;]<\/p>\n","protected":false},"featured_media":3019,"comment_status":"open","ping_status":"closed","template":"","meta":{"_acf_changed":false},"product_brand":[],"product_cat":[131,247,39,24],"product_tag":[126,250,251,56],"artista":[252],"produtora":[232],"ano":[237],"class_list":{"0":"post-1015","1":"product","2":"type-product","3":"status-publish","4":"has-post-thumbnail","6":"product_cat-afrobrasilidade","7":"product_cat-clube-universal","8":"product_cat-mpb","9":"product_cat-samba","10":"product_tag-afrobrasilidades","11":"product_tag-claudia","12":"product_tag-deixa-eu-dizer","13":"product_tag-marcos-valle","14":"artista-claudia","15":"produtora-emi","16":"ano-237","18":"first","19":"outofstock","20":"sold-individually","21":"shipping-taxable","22":"purchasable","23":"product-type-simple"},"acf":[],"yoast_head":"<!-- This site is optimized with the Yoast SEO plugin v27.3 - https:\/\/yoast.com\/product\/yoast-seo-wordpress\/ -->\n<title>Claudia - Deixa eu Dizer - Black Hole Discos<\/title>\n<meta name=\"robots\" content=\"index, follow, max-snippet:-1, max-image-preview:large, max-video-preview:-1\" \/>\n<link rel=\"canonical\" href=\"https:\/\/blackholediscos.com\/en\/product\/claudia-deixa-eu-dizer\/\" \/>\n<meta property=\"og:locale\" content=\"en_US\" \/>\n<meta property=\"og:type\" content=\"article\" \/>\n<meta property=\"og:title\" content=\"Claudia - Deixa eu Dizer - Black Hole Discos\" \/>\n<meta property=\"og:description\" content=\"Reedi\u00e7\u00e3o universal music. Vinil Lacrado de f\u00e1brica. Selo: EMI \u200e\u2013 060245568473, Universal Music \u200e\u2013 060245568473 Lista de faixas A1 Noite De Ver\u00e3o Written-By \u2013 Cl\u00e1udia*, Raul Telles A2 Esse Cara Written-By \u2013 Caetano Veloso A3 A Fonte Secou Written-By \u2013 Marcl\u00e9o, Monsueto Menezes, Tufic Lauar A4 O Circo Written-By \u2013 Z\u00e9dantas* A5 Voc\u00ea N\u00e3o Sabe [&hellip;]\" \/>\n<meta property=\"og:url\" content=\"https:\/\/blackholediscos.com\/en\/product\/claudia-deixa-eu-dizer\/\" \/>\n<meta property=\"og:site_name\" content=\"Black Hole Discos\" \/>\n<meta property=\"article:publisher\" content=\"https:\/\/www.instagram.com\/blackholediscos\/\" \/>\n<meta property=\"article:modified_time\" content=\"2025-12-16T00:49:51+00:00\" \/>\n<meta property=\"og:image\" content=\"https:\/\/blackholediscos.com\/wp-content\/uploads\/2024\/06\/IMG_5624-scaled.jpg\" \/>\n\t<meta property=\"og:image:width\" content=\"2560\" \/>\n\t<meta property=\"og:image:height\" content=\"2560\" \/>\n\t<meta property=\"og:image:type\" content=\"image\/jpeg\" \/>\n<meta name=\"twitter:card\" content=\"summary_large_image\" \/>\n<meta name=\"twitter:label1\" content=\"Est. reading time\" \/>\n\t<meta name=\"twitter:data1\" content=\"1 minute\" \/>\n<script type=\"application\/ld+json\" class=\"yoast-schema-graph\">{\"@context\":\"https:\\\/\\\/schema.org\",\"@graph\":[{\"@type\":\"WebPage\",\"@id\":\"https:\\\/\\\/blackholediscos.com\\\/product\\\/claudia-deixa-eu-dizer\\\/\",\"url\":\"https:\\\/\\\/blackholediscos.com\\\/product\\\/claudia-deixa-eu-dizer\\\/\",\"name\":\"Claudia - Deixa eu Dizer - Black Hole Discos\",\"isPartOf\":{\"@id\":\"https:\\\/\\\/blackholediscos.com\\\/#website\"},\"primaryImageOfPage\":{\"@id\":\"https:\\\/\\\/blackholediscos.com\\\/product\\\/claudia-deixa-eu-dizer\\\/#primaryimage\"},\"image\":{\"@id\":\"https:\\\/\\\/blackholediscos.com\\\/product\\\/claudia-deixa-eu-dizer\\\/#primaryimage\"},\"thumbnailUrl\":\"https:\\\/\\\/blackholediscos.com\\\/wp-content\\\/uploads\\\/2024\\\/06\\\/IMG_5624-scaled.jpg\",\"datePublished\":\"2024-06-22T20:54:53+00:00\",\"dateModified\":\"2025-12-16T00:49:51+00:00\",\"breadcrumb\":{\"@id\":\"https:\\\/\\\/blackholediscos.com\\\/product\\\/claudia-deixa-eu-dizer\\\/#breadcrumb\"},\"inLanguage\":\"en-US\",\"potentialAction\":[{\"@type\":\"ReadAction\",\"target\":[\"https:\\\/\\\/blackholediscos.com\\\/product\\\/claudia-deixa-eu-dizer\\\/\"]}]},{\"@type\":\"ImageObject\",\"inLanguage\":\"en-US\",\"@id\":\"https:\\\/\\\/blackholediscos.com\\\/product\\\/claudia-deixa-eu-dizer\\\/#primaryimage\",\"url\":\"https:\\\/\\\/blackholediscos.com\\\/wp-content\\\/uploads\\\/2024\\\/06\\\/IMG_5624-scaled.jpg\",\"contentUrl\":\"https:\\\/\\\/blackholediscos.com\\\/wp-content\\\/uploads\\\/2024\\\/06\\\/IMG_5624-scaled.jpg\",\"width\":2560,\"height\":2560},{\"@type\":\"BreadcrumbList\",\"@id\":\"https:\\\/\\\/blackholediscos.com\\\/product\\\/claudia-deixa-eu-dizer\\\/#breadcrumb\",\"itemListElement\":[{\"@type\":\"ListItem\",\"position\":1,\"name\":\"In\u00edcio\",\"item\":\"https:\\\/\\\/blackholediscos.com\\\/\"},{\"@type\":\"ListItem\",\"position\":2,\"name\":\"Shop\",\"item\":\"https:\\\/\\\/blackholediscos.com\\\/shop\\\/\"},{\"@type\":\"ListItem\",\"position\":3,\"name\":\"Claudia &#8211; Deixa eu Dizer\"}]},{\"@type\":\"WebSite\",\"@id\":\"https:\\\/\\\/blackholediscos.com\\\/#website\",\"url\":\"https:\\\/\\\/blackholediscos.com\\\/\",\"name\":\"Black Hole Discos\",\"description\":\"Brazilian music LPs\",\"publisher\":{\"@id\":\"https:\\\/\\\/blackholediscos.com\\\/#organization\"},\"potentialAction\":[{\"@type\":\"SearchAction\",\"target\":{\"@type\":\"EntryPoint\",\"urlTemplate\":\"https:\\\/\\\/blackholediscos.com\\\/?s={search_term_string}\"},\"query-input\":{\"@type\":\"PropertyValueSpecification\",\"valueRequired\":true,\"valueName\":\"search_term_string\"}}],\"inLanguage\":\"en-US\"},{\"@type\":\"Organization\",\"@id\":\"https:\\\/\\\/blackholediscos.com\\\/#organization\",\"name\":\"Black Hole Discos\",\"url\":\"https:\\\/\\\/blackholediscos.com\\\/\",\"logo\":{\"@type\":\"ImageObject\",\"inLanguage\":\"en-US\",\"@id\":\"https:\\\/\\\/blackholediscos.com\\\/#\\\/schema\\\/logo\\\/image\\\/\",\"url\":\"https:\\\/\\\/blackholediscos.com\\\/wp-content\\\/uploads\\\/2024\\\/06\\\/black-hole-discos-vinis-logo.png\",\"contentUrl\":\"https:\\\/\\\/blackholediscos.com\\\/wp-content\\\/uploads\\\/2024\\\/06\\\/black-hole-discos-vinis-logo.png\",\"width\":70,\"height\":66,\"caption\":\"Black Hole Discos\"},\"image\":{\"@id\":\"https:\\\/\\\/blackholediscos.com\\\/#\\\/schema\\\/logo\\\/image\\\/\"},\"sameAs\":[\"https:\\\/\\\/www.instagram.com\\\/blackholediscos\\\/\"]}]}<\/script>\n<!-- \/ Yoast SEO plugin. -->","yoast_head_json":{"title":"Claudia - Deixa eu Dizer - Black Hole Discos","robots":{"index":"index","follow":"follow","max-snippet":"max-snippet:-1","max-image-preview":"max-image-preview:large","max-video-preview":"max-video-preview:-1"},"canonical":"https:\/\/blackholediscos.com\/en\/product\/claudia-deixa-eu-dizer\/","og_locale":"en_US","og_type":"article","og_title":"Claudia - Deixa eu Dizer - Black Hole Discos","og_description":"Reedi\u00e7\u00e3o universal music. Vinil Lacrado de f\u00e1brica. Selo: EMI \u200e\u2013 060245568473, Universal Music \u200e\u2013 060245568473 Lista de faixas A1 Noite De Ver\u00e3o Written-By \u2013 Cl\u00e1udia*, Raul Telles A2 Esse Cara Written-By \u2013 Caetano Veloso A3 A Fonte Secou Written-By \u2013 Marcl\u00e9o, Monsueto Menezes, Tufic Lauar A4 O Circo Written-By \u2013 Z\u00e9dantas* A5 Voc\u00ea N\u00e3o Sabe [&hellip;]","og_url":"https:\/\/blackholediscos.com\/en\/product\/claudia-deixa-eu-dizer\/","og_site_name":"Black Hole Discos","article_publisher":"https:\/\/www.instagram.com\/blackholediscos\/","article_modified_time":"2025-12-16T00:49:51+00:00","og_image":[{"width":2560,"height":2560,"url":"https:\/\/blackholediscos.com\/wp-content\/uploads\/2024\/06\/IMG_5624-scaled.jpg","type":"image\/jpeg"}],"twitter_card":"summary_large_image","twitter_misc":{"Est. reading time":"1 minute"},"schema":{"@context":"https:\/\/schema.org","@graph":[{"@type":"WebPage","@id":"https:\/\/blackholediscos.com\/product\/claudia-deixa-eu-dizer\/","url":"https:\/\/blackholediscos.com\/product\/claudia-deixa-eu-dizer\/","name":"Claudia - Deixa eu Dizer - Black Hole Discos","isPartOf":{"@id":"https:\/\/blackholediscos.com\/#website"},"primaryImageOfPage":{"@id":"https:\/\/blackholediscos.com\/product\/claudia-deixa-eu-dizer\/#primaryimage"},"image":{"@id":"https:\/\/blackholediscos.com\/product\/claudia-deixa-eu-dizer\/#primaryimage"},"thumbnailUrl":"https:\/\/blackholediscos.com\/wp-content\/uploads\/2024\/06\/IMG_5624-scaled.jpg","datePublished":"2024-06-22T20:54:53+00:00","dateModified":"2025-12-16T00:49:51+00:00","breadcrumb":{"@id":"https:\/\/blackholediscos.com\/product\/claudia-deixa-eu-dizer\/#breadcrumb"},"inLanguage":"en-US","potentialAction":[{"@type":"ReadAction","target":["https:\/\/blackholediscos.com\/product\/claudia-deixa-eu-dizer\/"]}]},{"@type":"ImageObject","inLanguage":"en-US","@id":"https:\/\/blackholediscos.com\/product\/claudia-deixa-eu-dizer\/#primaryimage","url":"https:\/\/blackholediscos.com\/wp-content\/uploads\/2024\/06\/IMG_5624-scaled.jpg","contentUrl":"https:\/\/blackholediscos.com\/wp-content\/uploads\/2024\/06\/IMG_5624-scaled.jpg","width":2560,"height":2560},{"@type":"BreadcrumbList","@id":"https:\/\/blackholediscos.com\/product\/claudia-deixa-eu-dizer\/#breadcrumb","itemListElement":[{"@type":"ListItem","position":1,"name":"In\u00edcio","item":"https:\/\/blackholediscos.com\/"},{"@type":"ListItem","position":2,"name":"Shop","item":"https:\/\/blackholediscos.com\/shop\/"},{"@type":"ListItem","position":3,"name":"Claudia &#8211; Deixa eu Dizer"}]},{"@type":"WebSite","@id":"https:\/\/blackholediscos.com\/#website","url":"https:\/\/blackholediscos.com\/","name":"Black Hole Discos","description":"Brazilian music LPs","publisher":{"@id":"https:\/\/blackholediscos.com\/#organization"},"potentialAction":[{"@type":"SearchAction","target":{"@type":"EntryPoint","urlTemplate":"https:\/\/blackholediscos.com\/?s={search_term_string}"},"query-input":{"@type":"PropertyValueSpecification","valueRequired":true,"valueName":"search_term_string"}}],"inLanguage":"en-US"},{"@type":"Organization","@id":"https:\/\/blackholediscos.com\/#organization","name":"Black Hole Discos","url":"https:\/\/blackholediscos.com\/","logo":{"@type":"ImageObject","inLanguage":"en-US","@id":"https:\/\/blackholediscos.com\/#\/schema\/logo\/image\/","url":"https:\/\/blackholediscos.com\/wp-content\/uploads\/2024\/06\/black-hole-discos-vinis-logo.png","contentUrl":"https:\/\/blackholediscos.com\/wp-content\/uploads\/2024\/06\/black-hole-discos-vinis-logo.png","width":70,"height":66,"caption":"Black Hole Discos"},"image":{"@id":"https:\/\/blackholediscos.com\/#\/schema\/logo\/image\/"},"sameAs":["https:\/\/www.instagram.com\/blackholediscos\/"]}]}},"_links":{"self":[{"href":"https:\/\/blackholediscos.com\/en\/wp-json\/wp\/v2\/product\/1015","targetHints":{"allow":["GET"]}}],"collection":[{"href":"https:\/\/blackholediscos.com\/en\/wp-json\/wp\/v2\/product"}],"about":[{"href":"https:\/\/blackholediscos.com\/en\/wp-json\/wp\/v2\/types\/product"}],"replies":[{"embeddable":true,"href":"https:\/\/blackholediscos.com\/en\/wp-json\/wp\/v2\/comments?post=1015"}],"wp:featuredmedia":[{"embeddable":true,"href":"https:\/\/blackholediscos.com\/en\/wp-json\/wp\/v2\/media\/3019"}],"wp:attachment":[{"href":"https:\/\/blackholediscos.com\/en\/wp-json\/wp\/v2\/media?parent=1015"}],"wp:term":[{"taxonomy":"product_brand","embeddable":true,"href":"https:\/\/blackholediscos.com\/en\/wp-json\/wp\/v2\/product_brand?post=1015"},{"taxonomy":"product_cat","embeddable":true,"href":"https:\/\/blackholediscos.com\/en\/wp-json\/wp\/v2\/product_cat?post=1015"},{"taxonomy":"product_tag","embeddable":true,"href":"https:\/\/blackholediscos.com\/en\/wp-json\/wp\/v2\/product_tag?post=1015"},{"taxonomy":"artista","embeddable":true,"href":"https:\/\/blackholediscos.com\/en\/wp-json\/wp\/v2\/artista?post=1015"},{"taxonomy":"produtora","embeddable":true,"href":"https:\/\/blackholediscos.com\/en\/wp-json\/wp\/v2\/produtora?post=1015"},{"taxonomy":"ano","embeddable":true,"href":"https:\/\/blackholediscos.com\/en\/wp-json\/wp\/v2\/ano?post=1015"}],"curies":[{"name":"wp","href":"https:\/\/api.w.org\/{rel}","templated":true}]}}