{"id":1000,"date":"2024-06-22T20:47:56","date_gmt":"2024-06-22T20:47:56","guid":{"rendered":"https:\/\/blackholediscos.com\/?post_type=product&#038;p=1000"},"modified":"2024-06-26T17:59:36","modified_gmt":"2024-06-26T17:59:36","slug":"novs-baianos-caia-na-estrada-perigas-ver","status":"publish","type":"product","link":"https:\/\/blackholediscos.com\/en\/product\/novs-baianos-caia-na-estrada-perigas-ver\/","title":{"rendered":"Novs baianos &#8211; Caia na estrada e perigas ver"},"content":{"rendered":"<p>LP Original de \u00e9poca em excelentes condi\u00e7\u00f5es de capa e m\u00eddia, acompanha raro encarte original.<\/p>\n<p>Selo:<br \/>\nTapecar \u200e\u2013 X 40<\/p>\n<p>Lista de faixas<\/p>\n<p>A1\tBeija-flor<br \/>\nVocals \u2013 Paulino*<br \/>\nWritten-By \u2013 Jorginho*, Galv\u00e3o*<\/p>\n<p>A2\tZiriguidum<br \/>\nVocals \u2013 Baby*<br \/>\nWritten-By \u2013 Jackson Do Pandeiro<\/p>\n<p>A3\tSe Chorar Beba A L\u00e1grima<br \/>\nVocals \u2013 Baby*<br \/>\nWritten-By \u2013 Galv\u00e3o*, Pepeu*<\/p>\n<p>A4\tNa Banguela<br \/>\nVocals \u2013 Paulinho*<br \/>\nWritten-By \u2013 Galv\u00e3o*, Pepeu*<\/p>\n<p>A5\tBiribinha Nos States<br \/>\nWritten-By, Soloist \u2013 Pepeu*<\/p>\n<p>A6\tSensibilidade Da Bossa<br \/>\nVocals \u2013 Paulinho*<br \/>\nWritten-By \u2013 Galv\u00e3o*, Pepeu*<\/p>\n<p>A7\tPorto Dos Bal\u00f5es<br \/>\nWritten-By, Vocals \u2013 Riroca*<\/p>\n<p>B1\tCaia Na Estrada E Perigas Ver<br \/>\nVocals \u2013 Baby*, Paulinho*<br \/>\nWritten-By \u2013 Galv\u00e3o*, Pepeu*<\/p>\n<p>B2\tBrasileirinho<br \/>\nVocals \u2013 Baby*<br \/>\nWritten-By \u2013 Pereira Costa, Waldir Azevedo<\/p>\n<p>B3\tBarra L\u00facifer<br \/>\nVocals \u2013 Paulinho*<br \/>\nWritten-By \u2013 Galv\u00e3o*, Pepeu*<\/p>\n<p>B4\tRocarnaval<br \/>\nWritten-By, Soloist \u2013 Pepeu*<\/p>\n<p>B5\tEu N\u00e3o Procuro Som<br \/>\nVocals \u2013 Baby*, Paulinho*<br \/>\nWritten-By \u2013 Galv\u00e3o*, Moraes*, Pepeu*<\/p>\n<p>B6\tSuor Do Sol<br \/>\nVocals \u2013 Baby*<br \/>\nWritten-By \u2013 Jorginho*, Galv\u00e3o*<\/p>","protected":false},"excerpt":{"rendered":"<p>LP Original de \u00e9poca em excelentes condi\u00e7\u00f5es de capa e m\u00eddia, acompanha raro encarte original. Selo: Tapecar \u200e\u2013 X 40 Lista de faixas A1 Beija-flor Vocals \u2013 Paulino* Written-By \u2013 Jorginho*, Galv\u00e3o* A2 Ziriguidum Vocals \u2013 Baby* Written-By \u2013 Jackson Do Pandeiro A3 Se Chorar Beba A L\u00e1grima Vocals \u2013 Baby* Written-By \u2013 Galv\u00e3o*, Pepeu* [&hellip;]<\/p>\n","protected":false},"featured_media":1001,"comment_status":"open","ping_status":"closed","template":"","meta":{"_acf_changed":false},"product_brand":[],"product_cat":[31,39,509,48,24],"product_tag":[],"artista":[117],"produtora":[240],"ano":[207],"class_list":{"0":"post-1000","1":"product","2":"type-product","3":"status-publish","4":"has-post-thumbnail","6":"product_cat-mais-populares","7":"product_cat-mpb","8":"product_cat-prog-rock","9":"product_cat-psicodelia","10":"product_cat-samba","11":"artista-novos-baianos","12":"produtora-tapecar","13":"ano-207","15":"first","16":"instock","17":"shipping-taxable","18":"purchasable","19":"product-type-simple"},"acf":[],"yoast_head":"<!-- This site is optimized with the Yoast SEO plugin v27.3 - https:\/\/yoast.com\/product\/yoast-seo-wordpress\/ -->\n<title>Novs baianos - Caia na estrada e perigas ver - Black Hole Discos<\/title>\n<meta name=\"robots\" content=\"index, follow, max-snippet:-1, max-image-preview:large, max-video-preview:-1\" \/>\n<link rel=\"canonical\" href=\"https:\/\/blackholediscos.com\/en\/product\/novs-baianos-caia-na-estrada-perigas-ver\/\" \/>\n<meta property=\"og:locale\" content=\"en_US\" \/>\n<meta property=\"og:type\" content=\"article\" \/>\n<meta property=\"og:title\" content=\"Novs baianos - Caia na estrada e perigas ver - Black Hole Discos\" \/>\n<meta property=\"og:description\" content=\"LP Original de \u00e9poca em excelentes condi\u00e7\u00f5es de capa e m\u00eddia, acompanha raro encarte original. Selo: Tapecar \u200e\u2013 X 40 Lista de faixas A1 Beija-flor Vocals \u2013 Paulino* Written-By \u2013 Jorginho*, Galv\u00e3o* A2 Ziriguidum Vocals \u2013 Baby* Written-By \u2013 Jackson Do Pandeiro A3 Se Chorar Beba A L\u00e1grima Vocals \u2013 Baby* Written-By \u2013 Galv\u00e3o*, Pepeu* [&hellip;]\" \/>\n<meta property=\"og:url\" content=\"https:\/\/blackholediscos.com\/en\/product\/novs-baianos-caia-na-estrada-perigas-ver\/\" \/>\n<meta property=\"og:site_name\" content=\"Black Hole Discos\" \/>\n<meta property=\"article:publisher\" content=\"https:\/\/www.instagram.com\/blackholediscos\/\" \/>\n<meta property=\"article:modified_time\" content=\"2024-06-26T17:59:36+00:00\" \/>\n<meta property=\"og:image\" content=\"https:\/\/blackholediscos.com\/wp-content\/uploads\/2024\/06\/IMG_7422-scaled.jpeg\" \/>\n\t<meta property=\"og:image:width\" content=\"2560\" \/>\n\t<meta property=\"og:image:height\" content=\"2560\" \/>\n\t<meta property=\"og:image:type\" content=\"image\/jpeg\" \/>\n<meta name=\"twitter:card\" content=\"summary_large_image\" \/>\n<meta name=\"twitter:label1\" content=\"Est. reading time\" \/>\n\t<meta name=\"twitter:data1\" content=\"1 minute\" \/>\n<script type=\"application\/ld+json\" class=\"yoast-schema-graph\">{\"@context\":\"https:\\\/\\\/schema.org\",\"@graph\":[{\"@type\":\"WebPage\",\"@id\":\"https:\\\/\\\/blackholediscos.com\\\/product\\\/novs-baianos-caia-na-estrada-perigas-ver\\\/\",\"url\":\"https:\\\/\\\/blackholediscos.com\\\/product\\\/novs-baianos-caia-na-estrada-perigas-ver\\\/\",\"name\":\"Novs baianos - Caia na estrada e perigas ver - Black Hole Discos\",\"isPartOf\":{\"@id\":\"https:\\\/\\\/blackholediscos.com\\\/#website\"},\"primaryImageOfPage\":{\"@id\":\"https:\\\/\\\/blackholediscos.com\\\/product\\\/novs-baianos-caia-na-estrada-perigas-ver\\\/#primaryimage\"},\"image\":{\"@id\":\"https:\\\/\\\/blackholediscos.com\\\/product\\\/novs-baianos-caia-na-estrada-perigas-ver\\\/#primaryimage\"},\"thumbnailUrl\":\"https:\\\/\\\/blackholediscos.com\\\/wp-content\\\/uploads\\\/2024\\\/06\\\/IMG_7422-scaled.jpeg\",\"datePublished\":\"2024-06-22T20:47:56+00:00\",\"dateModified\":\"2024-06-26T17:59:36+00:00\",\"breadcrumb\":{\"@id\":\"https:\\\/\\\/blackholediscos.com\\\/product\\\/novs-baianos-caia-na-estrada-perigas-ver\\\/#breadcrumb\"},\"inLanguage\":\"en-US\",\"potentialAction\":[{\"@type\":\"ReadAction\",\"target\":[\"https:\\\/\\\/blackholediscos.com\\\/product\\\/novs-baianos-caia-na-estrada-perigas-ver\\\/\"]}]},{\"@type\":\"ImageObject\",\"inLanguage\":\"en-US\",\"@id\":\"https:\\\/\\\/blackholediscos.com\\\/product\\\/novs-baianos-caia-na-estrada-perigas-ver\\\/#primaryimage\",\"url\":\"https:\\\/\\\/blackholediscos.com\\\/wp-content\\\/uploads\\\/2024\\\/06\\\/IMG_7422-scaled.jpeg\",\"contentUrl\":\"https:\\\/\\\/blackholediscos.com\\\/wp-content\\\/uploads\\\/2024\\\/06\\\/IMG_7422-scaled.jpeg\",\"width\":2560,\"height\":2560},{\"@type\":\"BreadcrumbList\",\"@id\":\"https:\\\/\\\/blackholediscos.com\\\/product\\\/novs-baianos-caia-na-estrada-perigas-ver\\\/#breadcrumb\",\"itemListElement\":[{\"@type\":\"ListItem\",\"position\":1,\"name\":\"In\u00edcio\",\"item\":\"https:\\\/\\\/blackholediscos.com\\\/\"},{\"@type\":\"ListItem\",\"position\":2,\"name\":\"Shop\",\"item\":\"https:\\\/\\\/blackholediscos.com\\\/shop\\\/\"},{\"@type\":\"ListItem\",\"position\":3,\"name\":\"Novs baianos &#8211; Caia na estrada e perigas ver\"}]},{\"@type\":\"WebSite\",\"@id\":\"https:\\\/\\\/blackholediscos.com\\\/#website\",\"url\":\"https:\\\/\\\/blackholediscos.com\\\/\",\"name\":\"Black Hole Discos\",\"description\":\"Brazilian music LPs\",\"publisher\":{\"@id\":\"https:\\\/\\\/blackholediscos.com\\\/#organization\"},\"potentialAction\":[{\"@type\":\"SearchAction\",\"target\":{\"@type\":\"EntryPoint\",\"urlTemplate\":\"https:\\\/\\\/blackholediscos.com\\\/?s={search_term_string}\"},\"query-input\":{\"@type\":\"PropertyValueSpecification\",\"valueRequired\":true,\"valueName\":\"search_term_string\"}}],\"inLanguage\":\"en-US\"},{\"@type\":\"Organization\",\"@id\":\"https:\\\/\\\/blackholediscos.com\\\/#organization\",\"name\":\"Black Hole Discos\",\"url\":\"https:\\\/\\\/blackholediscos.com\\\/\",\"logo\":{\"@type\":\"ImageObject\",\"inLanguage\":\"en-US\",\"@id\":\"https:\\\/\\\/blackholediscos.com\\\/#\\\/schema\\\/logo\\\/image\\\/\",\"url\":\"https:\\\/\\\/blackholediscos.com\\\/wp-content\\\/uploads\\\/2024\\\/06\\\/black-hole-discos-vinis-logo.png\",\"contentUrl\":\"https:\\\/\\\/blackholediscos.com\\\/wp-content\\\/uploads\\\/2024\\\/06\\\/black-hole-discos-vinis-logo.png\",\"width\":70,\"height\":66,\"caption\":\"Black Hole Discos\"},\"image\":{\"@id\":\"https:\\\/\\\/blackholediscos.com\\\/#\\\/schema\\\/logo\\\/image\\\/\"},\"sameAs\":[\"https:\\\/\\\/www.instagram.com\\\/blackholediscos\\\/\"]}]}<\/script>\n<!-- \/ Yoast SEO plugin. -->","yoast_head_json":{"title":"Novs baianos - Caia na estrada e perigas ver - Black Hole Discos","robots":{"index":"index","follow":"follow","max-snippet":"max-snippet:-1","max-image-preview":"max-image-preview:large","max-video-preview":"max-video-preview:-1"},"canonical":"https:\/\/blackholediscos.com\/en\/product\/novs-baianos-caia-na-estrada-perigas-ver\/","og_locale":"en_US","og_type":"article","og_title":"Novs baianos - Caia na estrada e perigas ver - Black Hole Discos","og_description":"LP Original de \u00e9poca em excelentes condi\u00e7\u00f5es de capa e m\u00eddia, acompanha raro encarte original. Selo: Tapecar \u200e\u2013 X 40 Lista de faixas A1 Beija-flor Vocals \u2013 Paulino* Written-By \u2013 Jorginho*, Galv\u00e3o* A2 Ziriguidum Vocals \u2013 Baby* Written-By \u2013 Jackson Do Pandeiro A3 Se Chorar Beba A L\u00e1grima Vocals \u2013 Baby* Written-By \u2013 Galv\u00e3o*, Pepeu* [&hellip;]","og_url":"https:\/\/blackholediscos.com\/en\/product\/novs-baianos-caia-na-estrada-perigas-ver\/","og_site_name":"Black Hole Discos","article_publisher":"https:\/\/www.instagram.com\/blackholediscos\/","article_modified_time":"2024-06-26T17:59:36+00:00","og_image":[{"width":2560,"height":2560,"url":"https:\/\/blackholediscos.com\/wp-content\/uploads\/2024\/06\/IMG_7422-scaled.jpeg","type":"image\/jpeg"}],"twitter_card":"summary_large_image","twitter_misc":{"Est. reading time":"1 minute"},"schema":{"@context":"https:\/\/schema.org","@graph":[{"@type":"WebPage","@id":"https:\/\/blackholediscos.com\/product\/novs-baianos-caia-na-estrada-perigas-ver\/","url":"https:\/\/blackholediscos.com\/product\/novs-baianos-caia-na-estrada-perigas-ver\/","name":"Novs baianos - Caia na estrada e perigas ver - Black Hole Discos","isPartOf":{"@id":"https:\/\/blackholediscos.com\/#website"},"primaryImageOfPage":{"@id":"https:\/\/blackholediscos.com\/product\/novs-baianos-caia-na-estrada-perigas-ver\/#primaryimage"},"image":{"@id":"https:\/\/blackholediscos.com\/product\/novs-baianos-caia-na-estrada-perigas-ver\/#primaryimage"},"thumbnailUrl":"https:\/\/blackholediscos.com\/wp-content\/uploads\/2024\/06\/IMG_7422-scaled.jpeg","datePublished":"2024-06-22T20:47:56+00:00","dateModified":"2024-06-26T17:59:36+00:00","breadcrumb":{"@id":"https:\/\/blackholediscos.com\/product\/novs-baianos-caia-na-estrada-perigas-ver\/#breadcrumb"},"inLanguage":"en-US","potentialAction":[{"@type":"ReadAction","target":["https:\/\/blackholediscos.com\/product\/novs-baianos-caia-na-estrada-perigas-ver\/"]}]},{"@type":"ImageObject","inLanguage":"en-US","@id":"https:\/\/blackholediscos.com\/product\/novs-baianos-caia-na-estrada-perigas-ver\/#primaryimage","url":"https:\/\/blackholediscos.com\/wp-content\/uploads\/2024\/06\/IMG_7422-scaled.jpeg","contentUrl":"https:\/\/blackholediscos.com\/wp-content\/uploads\/2024\/06\/IMG_7422-scaled.jpeg","width":2560,"height":2560},{"@type":"BreadcrumbList","@id":"https:\/\/blackholediscos.com\/product\/novs-baianos-caia-na-estrada-perigas-ver\/#breadcrumb","itemListElement":[{"@type":"ListItem","position":1,"name":"In\u00edcio","item":"https:\/\/blackholediscos.com\/"},{"@type":"ListItem","position":2,"name":"Shop","item":"https:\/\/blackholediscos.com\/shop\/"},{"@type":"ListItem","position":3,"name":"Novs baianos &#8211; Caia na estrada e perigas ver"}]},{"@type":"WebSite","@id":"https:\/\/blackholediscos.com\/#website","url":"https:\/\/blackholediscos.com\/","name":"Black Hole Discos","description":"Brazilian music LPs","publisher":{"@id":"https:\/\/blackholediscos.com\/#organization"},"potentialAction":[{"@type":"SearchAction","target":{"@type":"EntryPoint","urlTemplate":"https:\/\/blackholediscos.com\/?s={search_term_string}"},"query-input":{"@type":"PropertyValueSpecification","valueRequired":true,"valueName":"search_term_string"}}],"inLanguage":"en-US"},{"@type":"Organization","@id":"https:\/\/blackholediscos.com\/#organization","name":"Black Hole Discos","url":"https:\/\/blackholediscos.com\/","logo":{"@type":"ImageObject","inLanguage":"en-US","@id":"https:\/\/blackholediscos.com\/#\/schema\/logo\/image\/","url":"https:\/\/blackholediscos.com\/wp-content\/uploads\/2024\/06\/black-hole-discos-vinis-logo.png","contentUrl":"https:\/\/blackholediscos.com\/wp-content\/uploads\/2024\/06\/black-hole-discos-vinis-logo.png","width":70,"height":66,"caption":"Black Hole Discos"},"image":{"@id":"https:\/\/blackholediscos.com\/#\/schema\/logo\/image\/"},"sameAs":["https:\/\/www.instagram.com\/blackholediscos\/"]}]}},"_links":{"self":[{"href":"https:\/\/blackholediscos.com\/en\/wp-json\/wp\/v2\/product\/1000","targetHints":{"allow":["GET"]}}],"collection":[{"href":"https:\/\/blackholediscos.com\/en\/wp-json\/wp\/v2\/product"}],"about":[{"href":"https:\/\/blackholediscos.com\/en\/wp-json\/wp\/v2\/types\/product"}],"replies":[{"embeddable":true,"href":"https:\/\/blackholediscos.com\/en\/wp-json\/wp\/v2\/comments?post=1000"}],"wp:featuredmedia":[{"embeddable":true,"href":"https:\/\/blackholediscos.com\/en\/wp-json\/wp\/v2\/media\/1001"}],"wp:attachment":[{"href":"https:\/\/blackholediscos.com\/en\/wp-json\/wp\/v2\/media?parent=1000"}],"wp:term":[{"taxonomy":"product_brand","embeddable":true,"href":"https:\/\/blackholediscos.com\/en\/wp-json\/wp\/v2\/product_brand?post=1000"},{"taxonomy":"product_cat","embeddable":true,"href":"https:\/\/blackholediscos.com\/en\/wp-json\/wp\/v2\/product_cat?post=1000"},{"taxonomy":"product_tag","embeddable":true,"href":"https:\/\/blackholediscos.com\/en\/wp-json\/wp\/v2\/product_tag?post=1000"},{"taxonomy":"artista","embeddable":true,"href":"https:\/\/blackholediscos.com\/en\/wp-json\/wp\/v2\/artista?post=1000"},{"taxonomy":"produtora","embeddable":true,"href":"https:\/\/blackholediscos.com\/en\/wp-json\/wp\/v2\/produtora?post=1000"},{"taxonomy":"ano","embeddable":true,"href":"https:\/\/blackholediscos.com\/en\/wp-json\/wp\/v2\/ano?post=1000"}],"curies":[{"name":"wp","href":"https:\/\/api.w.org\/{rel}","templated":true}]}}